{"id":21,"date":"2015-05-20T12:00:33","date_gmt":"2015-05-20T12:00:33","guid":{"rendered":"http:\/\/sinesound.com\/?page_id=21"},"modified":"2021-04-22T05:28:29","modified_gmt":"2021-04-22T05:28:29","slug":"etusivu-2","status":"publish","type":"page","link":"https:\/\/sinesound.com\/","title":{"rendered":"Etusivu"},"content":{"rendered":"<p class=\"style2\"><strong>Sinesound Design<\/strong> on musiikin ja \u00e4\u00e4nen nauhoitukseen sek\u00e4 tuotantoon erikoistunut yritys. Sinesoundin studio sijaitsee Vantaalla.<\/p>\n<p class=\"style1\">Laitteistona toimii kokoelma analogisen ja digitaalisen parhaita puolia.<\/p>\n<p class=\"style1\">Sinesound tuottaa musiikkia ja \u00e4\u00e4nt\u00e4 kaikkiin medioihin:<\/p>\n<ul class=\"style1\">\n<li>musiikin nauhoitus ja miksaus artisteille ja yhtyeille<\/li>\n<li>musiikkia verkkoon ja peleihin<\/li>\n<li>radio- ja tv-mainokset, elokuvamusiikki<\/li>\n<\/ul>\n<p>L\u00e4het\u00e4 viesti\u00e4 ja kerro projektistasi!<\/p>\n\n\n<p><\/p>\n","protected":false},"excerpt":{"rendered":"<p>Sinesound Design on musiikin ja \u00e4\u00e4nen nauhoitukseen sek\u00e4 tuotantoon erikoistunut yritys. Sinesoundin studio sijaitsee Vantaalla. Laitteistona toimii kokoelma analogisen ja digitaalisen parhaita puolia. Sinesound tuottaa musiikkia ja \u00e4\u00e4nt\u00e4 kaikkiin medioihin: musiikin nauhoitus ja miksaus artisteille ja yhtyeille musiikkia verkkoon ja&#8230; <a class=\"more-link\" href=\"https:\/\/sinesound.com\/\">Continue Reading &rarr;<\/a><\/p>\n","protected":false},"author":1,"featured_media":0,"parent":0,"menu_order":0,"comment_status":"closed","ping_status":"closed","template":"template-nosidebar.php","meta":{"footnotes":""},"class_list":["post-21","page","type-page","status-publish","hentry"],"_links":{"self":[{"href":"https:\/\/sinesound.com\/index.php?rest_route=\/wp\/v2\/pages\/21","targetHints":{"allow":["GET"]}}],"collection":[{"href":"https:\/\/sinesound.com\/index.php?rest_route=\/wp\/v2\/pages"}],"about":[{"href":"https:\/\/sinesound.com\/index.php?rest_route=\/wp\/v2\/types\/page"}],"author":[{"embeddable":true,"href":"https:\/\/sinesound.com\/index.php?rest_route=\/wp\/v2\/users\/1"}],"replies":[{"embeddable":true,"href":"https:\/\/sinesound.com\/index.php?rest_route=%2Fwp%2Fv2%2Fcomments&post=21"}],"version-history":[{"count":18,"href":"https:\/\/sinesound.com\/index.php?rest_route=\/wp\/v2\/pages\/21\/revisions"}],"predecessor-version":[{"id":351,"href":"https:\/\/sinesound.com\/index.php?rest_route=\/wp\/v2\/pages\/21\/revisions\/351"}],"wp:attachment":[{"href":"https:\/\/sinesound.com\/index.php?rest_route=%2Fwp%2Fv2%2Fmedia&parent=21"}],"curies":[{"name":"wp","href":"https:\/\/api.w.org\/{rel}","templated":true}]}}