{"id":4,"date":"2015-05-20T11:31:37","date_gmt":"2015-05-20T11:31:37","guid":{"rendered":"http:\/\/sinesound.com\/?page_id=4"},"modified":"2018-03-25T19:02:10","modified_gmt":"2018-03-25T19:02:10","slug":"palvelut","status":"publish","type":"page","link":"https:\/\/sinesound.com\/?page_id=4","title":{"rendered":"Palvelut"},"content":{"rendered":"<p><strong>Tuotanto<\/strong><\/p>\n<p>Onko sinulla idea ja tarvitset toteuttajaa? Oletko hahmotellut biisej\u00e4 koneella mutta tarvitset paremmat soundit ja tuoreen parin korvia? Sinesound auttaa sinua ideoidesi viemiseen loppuun ja tuottaa musiikkisi sen ansaitsemalle tasolle.<\/p>\n<p><strong>Nauhoitus<\/strong><\/p>\n<p>Musiikin nauhoittaminen on Sinesoundin p\u00e4\u00e4toimintaa. Tarjolla on laadukasta nauhoituskalustoa sek\u00e4 tarvittaessa my\u00f6s soittimia. Musiikin lis\u00e4ksi nauhoitamme spiikkej\u00e4 tai vaikkapa \u00e4\u00e4nikirjan.<\/p>\n<p><strong>Miksaus &amp; masterointi<\/strong><\/p>\n<p>Miksaamme tarvittaessa kappaleesi ammattimaisen kuuloiseksi. Masterointiin suosittelemme yleens\u00e4 ulkopuolista asiantuntijaa, mutta tarvittaessa se onnistuu my\u00f6s.<\/p>\n<p><strong>Musiikkia kuvaan ja mainosmusiikki<br \/>\n<\/strong><\/p>\n<p>Kuvallisen viestin tukeminen musiikin avulla vaatii asiantuntemusta ja visiota. Meilt\u00e4 onnistuu musiikin tuotanto niin mainoksiin kuin elokuviin budjetistasi riippumatta.<\/p>\n<p><strong>Musiikkia ja \u00e4\u00e4nituotantoa peleihin<\/strong><\/p>\n<p>Teemme tarvittaessa peleihisi persoonallisen \u00e4\u00e4nimaailman \u00e4\u00e4nitehosteiden ja musiikin avulla.<\/p>\n<p><strong>Mobiili nauhoitus<\/strong><\/p>\n<p>Jos sinulla on mieless\u00e4si tila jossa haluat tehd\u00e4 nauhoituksen, me tuomme kaluston paikalle ja teemme ensiluokkaisen taltioinnin.<\/p>\n","protected":false},"excerpt":{"rendered":"<p>Tuotanto Onko sinulla idea ja tarvitset toteuttajaa? Oletko hahmotellut biisej\u00e4 koneella mutta tarvitset paremmat soundit ja tuoreen parin korvia? Sinesound auttaa sinua ideoidesi viemiseen loppuun ja tuottaa musiikkisi sen ansaitsemalle tasolle. Nauhoitus Musiikin nauhoittaminen on Sinesoundin p\u00e4\u00e4toimintaa. Tarjolla on laadukasta&#8230; <a class=\"more-link\" href=\"https:\/\/sinesound.com\/?page_id=4\">Continue Reading &rarr;<\/a><\/p>\n","protected":false},"author":1,"featured_media":0,"parent":0,"menu_order":0,"comment_status":"closed","ping_status":"closed","template":"template-nosidebar.php","meta":{"footnotes":""},"class_list":["post-4","page","type-page","status-publish","hentry"],"_links":{"self":[{"href":"https:\/\/sinesound.com\/index.php?rest_route=\/wp\/v2\/pages\/4","targetHints":{"allow":["GET"]}}],"collection":[{"href":"https:\/\/sinesound.com\/index.php?rest_route=\/wp\/v2\/pages"}],"about":[{"href":"https:\/\/sinesound.com\/index.php?rest_route=\/wp\/v2\/types\/page"}],"author":[{"embeddable":true,"href":"https:\/\/sinesound.com\/index.php?rest_route=\/wp\/v2\/users\/1"}],"replies":[{"embeddable":true,"href":"https:\/\/sinesound.com\/index.php?rest_route=%2Fwp%2Fv2%2Fcomments&post=4"}],"version-history":[{"count":11,"href":"https:\/\/sinesound.com\/index.php?rest_route=\/wp\/v2\/pages\/4\/revisions"}],"predecessor-version":[{"id":193,"href":"https:\/\/sinesound.com\/index.php?rest_route=\/wp\/v2\/pages\/4\/revisions\/193"}],"wp:attachment":[{"href":"https:\/\/sinesound.com\/index.php?rest_route=%2Fwp%2Fv2%2Fmedia&parent=4"}],"curies":[{"name":"wp","href":"https:\/\/api.w.org\/{rel}","templated":true}]}}